{"id":14067,"date":"2016-01-17T21:28:09","date_gmt":"2016-01-17T20:28:09","guid":{"rendered":"http:\/\/www.fatra.cz\/de\/produkty\/vstrikovane-vyrobky-vstrikovani-plastu\/"},"modified":"2026-01-02T14:37:39","modified_gmt":"2026-01-02T13:37:39","slug":"spritzgussprodukte-spritzguss","status":"publish","type":"product","link":"https:\/\/www.fatra.cz\/de\/produkte\/spritzgussprodukte-spritzguss\/","title":{"rendered":"Spritzgussprodukte, Spritzguss"},"content":{"rendered":"\n<h4 class=\"wp-block-cgb-block-ftr-product-heading product-block-title\">OFFIZIELLE WEBSEITE<\/h4>\n\n\n<p><span style=\"font-size: inherit;\">N\u00e4here auskunft finden Sie aufder offizielle Webseite: <a href=\"http:\/\/www.fatra-vstrikovani.cz\/de\"><strong>www.fatra-vstrikovani.cz\/de<\/strong><\/a><\/span><\/p>\n\n\n<hr class=\"wp-block-cgb-block-ftr-product-section-line ftr-product-block-separator\"\/>\n\n\n\n<h4 class=\"wp-block-cgb-block-ftr-product-heading product-block-title\">FOTOGALLERIE<\/h4>\n\n\n<div id='gallery-1' class='gallery galleryid-14067 gallery-columns-3 gallery-size-large'><figure class='gallery-item'>\n\t\t\t<div class='gallery-icon landscape'>\n\t\t\t\t<a href='https:\/\/www.fatra.cz\/de\/fatra-terrasol-skladani-dlazdic-2\/'><img decoding=\"async\" width=\"800\" height=\"600\" data-src=\"https:\/\/www.fatra.cz\/wp-content\/uploads\/2015\/11\/fatra-terrasol-skl\u00e1d\u00e1n\u00ed-dla\u017edic.jpg\" class=\"attachment-large size-large lazyload\" alt=\"Zusammensetzung von TERRASOL Bodenflisen\" aria-describedby=\"gallery-1-11856\" data-srcset=\"https:\/\/www.fatra.cz\/wp-content\/uploads\/2015\/11\/fatra-terrasol-skl\u00e1d\u00e1n\u00ed-dla\u017edic.jpg 800w, https:\/\/www.fatra.cz\/wp-content\/uploads\/2015\/11\/fatra-terrasol-skl\u00e1d\u00e1n\u00ed-dla\u017edic-300x225.jpg 300w, https:\/\/www.fatra.cz\/wp-content\/uploads\/2015\/11\/fatra-terrasol-skl\u00e1d\u00e1n\u00ed-dla\u017edic-768x576.jpg 768w, https:\/\/www.fatra.cz\/wp-content\/uploads\/2015\/11\/fatra-terrasol-skl\u00e1d\u00e1n\u00ed-dla\u017edic-733x550.jpg 733w\" data-sizes=\"(max-width: 800px) 100vw, 800px\" src=\"data:image\/svg+xml;base64,PHN2ZyB3aWR0aD0iMSIgaGVpZ2h0PSIxIiB4bWxucz0iaHR0cDovL3d3dy53My5vcmcvMjAwMC9zdmciPjwvc3ZnPg==\" style=\"--smush-placeholder-width: 800px; --smush-placeholder-aspect-ratio: 800\/600;\" \/><\/a>\n\t\t\t<\/div>\n\t\t\t\t<figcaption class='wp-caption-text gallery-caption' id='gallery-1-11856'>\n\t\t\t\tTERRASOL Bodenflisen\n\t\t\t\t<\/figcaption><\/figure><figure class='gallery-item'>\n\t\t\t<div class='gallery-icon landscape'>\n\t\t\t\t<a href='https:\/\/www.fatra.cz\/de\/fatra-vstrikovani-prepravky-2\/'><img decoding=\"async\" width=\"800\" height=\"600\" data-src=\"https:\/\/www.fatra.cz\/wp-content\/uploads\/2015\/11\/fatra-vst\u0159ikov\u00e1n\u00ed-p\u0159epravky.jpg\" class=\"attachment-large size-large lazyload\" alt=\"Kunststoff-Transportboxen\" aria-describedby=\"gallery-1-11832\" data-srcset=\"https:\/\/www.fatra.cz\/wp-content\/uploads\/2015\/11\/fatra-vst\u0159ikov\u00e1n\u00ed-p\u0159epravky.jpg 800w, https:\/\/www.fatra.cz\/wp-content\/uploads\/2015\/11\/fatra-vst\u0159ikov\u00e1n\u00ed-p\u0159epravky-300x225.jpg 300w, https:\/\/www.fatra.cz\/wp-content\/uploads\/2015\/11\/fatra-vst\u0159ikov\u00e1n\u00ed-p\u0159epravky-768x576.jpg 768w, https:\/\/www.fatra.cz\/wp-content\/uploads\/2015\/11\/fatra-vst\u0159ikov\u00e1n\u00ed-p\u0159epravky-733x550.jpg 733w\" data-sizes=\"(max-width: 800px) 100vw, 800px\" src=\"data:image\/svg+xml;base64,PHN2ZyB3aWR0aD0iMSIgaGVpZ2h0PSIxIiB4bWxucz0iaHR0cDovL3d3dy53My5vcmcvMjAwMC9zdmciPjwvc3ZnPg==\" style=\"--smush-placeholder-width: 800px; --smush-placeholder-aspect-ratio: 800\/600;\" \/><\/a>\n\t\t\t<\/div>\n\t\t\t\t<figcaption class='wp-caption-text gallery-caption' id='gallery-1-11832'>\n\t\t\t\tKunststoff-Transportboxen\n\t\t\t\t<\/figcaption><\/figure><figure class='gallery-item'>\n\t\t\t<div class='gallery-icon landscape'>\n\t\t\t\t<a href='https:\/\/www.fatra.cz\/de\/fatra-vstrikovani-ochranna-cela-2\/'><img decoding=\"async\" width=\"800\" height=\"600\" data-src=\"https:\/\/www.fatra.cz\/wp-content\/uploads\/2015\/11\/fatra-vst\u0159ikov\u00e1n\u00ed-ochrann\u00e1-\u010dela.jpg\" class=\"attachment-large size-large lazyload\" alt=\"Kunststoff-Schutz K\u00f6pfe\" aria-describedby=\"gallery-1-11840\" data-srcset=\"https:\/\/www.fatra.cz\/wp-content\/uploads\/2015\/11\/fatra-vst\u0159ikov\u00e1n\u00ed-ochrann\u00e1-\u010dela.jpg 800w, https:\/\/www.fatra.cz\/wp-content\/uploads\/2015\/11\/fatra-vst\u0159ikov\u00e1n\u00ed-ochrann\u00e1-\u010dela-300x225.jpg 300w, https:\/\/www.fatra.cz\/wp-content\/uploads\/2015\/11\/fatra-vst\u0159ikov\u00e1n\u00ed-ochrann\u00e1-\u010dela-768x576.jpg 768w, https:\/\/www.fatra.cz\/wp-content\/uploads\/2015\/11\/fatra-vst\u0159ikov\u00e1n\u00ed-ochrann\u00e1-\u010dela-733x550.jpg 733w\" data-sizes=\"(max-width: 800px) 100vw, 800px\" src=\"data:image\/svg+xml;base64,PHN2ZyB3aWR0aD0iMSIgaGVpZ2h0PSIxIiB4bWxucz0iaHR0cDovL3d3dy53My5vcmcvMjAwMC9zdmciPjwvc3ZnPg==\" style=\"--smush-placeholder-width: 800px; --smush-placeholder-aspect-ratio: 800\/600;\" \/><\/a>\n\t\t\t<\/div>\n\t\t\t\t<figcaption class='wp-caption-text gallery-caption' id='gallery-1-11840'>\n\t\t\t\tKunststoff-Schutz K\u00f6pfe\n\t\t\t\t<\/figcaption><\/figure>\n\t\t<\/div>\n\n\n\n<hr class=\"wp-block-cgb-block-ftr-product-section-line ftr-product-block-separator\"\/>\n\n\n\n<h4 class=\"wp-block-cgb-block-ftr-product-heading product-block-title\">Kontakt<\/h4>\n\n\n\n<div class=\"wp-block-columns is-layout-flex wp-container-core-columns-is-layout-9d6595d7 wp-block-columns-is-layout-flex\">\n<div class=\"wp-block-column is-layout-flow wp-block-column-is-layout-flow\">\n<p style=\"margin-top: 0cm; background: white;\"><span style=\"font-family: 'Arial',sans-serif; color: #505060;\">Wenn Sie n\u00e4here Auskunft \u00fcber<br \/>den Produkten erhalten m\u00f6chten, <br \/>wenden Sie sich bitte an die <br \/>Gesch\u00e4ftsabteilung der Firma Fatra, a.s.<\/span><\/p>\n<\/div>\n\n\n\n<div class=\"wp-block-column is-layout-flow wp-block-column-is-layout-flow\">\n<p><strong>Zuzana Gabrielov\u00e1<br \/><\/strong>Tel.:\u00a0 +420&nbsp;724&nbsp;405&nbsp;746<br \/>E-mail: <a href=\"mailto:zuzana.gabrielova@fatra.cz\">zuzana.gabrielova@fatra.cz<\/a><\/p>\n<\/div>\n<\/div>\n\n\n\n<hr class=\"wp-block-cgb-block-ftr-product-section-line ftr-product-block-separator\"\/>\n\n\n\n<p><\/p>\n","protected":false},"excerpt":{"rendered":"<p>Produktentwicklung auf Kundenw\u00fcnsche zugeschnittene. Im Spritzgussverfahren hergestellte Produkte. Wir bieten die Herstellung in den vom Kunden gelieferten Formen aber ebenso gut k\u00f6nnen wir die Formen entsprechend den kundeneigenen Zeichnungen vorbereiten. In unserem Sortiment finden Sie z.B. Boxen, Deckel, Flie\u00dfen, Schutzstirnteile oder Transportbeh\u00e4lter aus Kunststoff.<\/p>\n","protected":false},"featured_media":22035,"parent":0,"menu_order":10,"template":"","product_color":[],"product_use":[248,147,146,261],"class_list":["post-14067","product","type-product","status-publish","has-post-thumbnail","hentry","product_use-haushalt","product_use-konsumgueterindustrie","product_use-lebensmittelindustrie","product_use-verpackung"],"_links":{"self":[{"href":"https:\/\/www.fatra.cz\/de\/wp-json\/wp\/v2\/product\/14067","targetHints":{"allow":["GET"]}}],"collection":[{"href":"https:\/\/www.fatra.cz\/de\/wp-json\/wp\/v2\/product"}],"about":[{"href":"https:\/\/www.fatra.cz\/de\/wp-json\/wp\/v2\/types\/product"}],"version-history":[{"count":0,"href":"https:\/\/www.fatra.cz\/de\/wp-json\/wp\/v2\/product\/14067\/revisions"}],"wp:featuredmedia":[{"embeddable":true,"href":"https:\/\/www.fatra.cz\/de\/wp-json\/wp\/v2\/media\/22035"}],"wp:attachment":[{"href":"https:\/\/www.fatra.cz\/de\/wp-json\/wp\/v2\/media?parent=14067"}],"wp:term":[{"taxonomy":"product_color","embeddable":true,"href":"https:\/\/www.fatra.cz\/de\/wp-json\/wp\/v2\/product_color?post=14067"},{"taxonomy":"product_use","embeddable":true,"href":"https:\/\/www.fatra.cz\/de\/wp-json\/wp\/v2\/product_use?post=14067"}],"curies":[{"name":"wp","href":"https:\/\/api.w.org\/{rel}","templated":true}]}}