{"id":12493,"date":"2016-01-17T21:28:09","date_gmt":"2016-01-17T20:28:09","guid":{"rendered":"http:\/\/fatra.marbleweb.eu\/en\/produkty\/vstrikovane-vyrobky-vstrikovani-plastu\/"},"modified":"2026-01-02T14:37:39","modified_gmt":"2026-01-02T13:37:39","slug":"injected-products-injection-moulding","status":"publish","type":"product","link":"https:\/\/www.fatra.cz\/en\/products\/injected-products-injection-moulding\/","title":{"rendered":"Injection-moulded products, injection moulding"},"content":{"rendered":"\n<h4 class=\"wp-block-cgb-block-ftr-product-heading product-block-title\">Official site<\/h4>\n\n\n<p>Find out more at <strong><a href=\"https:\/\/www.fatra-vstrikovani.cz\/en\/\">www.fatra-vstrikovani.cz\/en<\/a><\/strong><\/p>\n\n\n<hr class=\"wp-block-cgb-block-ftr-product-section-line ftr-product-block-separator\"\/>\n\n\n\n<h4 class=\"wp-block-cgb-block-ftr-product-heading product-block-title\">Photogallery<\/h4>\n\n\n<div id='gallery-1' class='gallery galleryid-12493 gallery-columns-3 gallery-size-large'><figure class='gallery-item'>\n\t\t\t<div class='gallery-icon landscape'>\n\t\t\t\t<a href='https:\/\/www.fatra.cz\/en\/fatra-terrasol-skladani-dlazdic-2\/'><img decoding=\"async\" width=\"800\" height=\"600\" data-src=\"https:\/\/www.fatra.cz\/wp-content\/uploads\/2015\/11\/fatra-terrasol-skl\u00e1d\u00e1n\u00ed-dla\u017edic.jpg\" class=\"attachment-large size-large lazyload\" alt=\"Zusammensetzung von TERRASOL Bodenflisen\" aria-describedby=\"gallery-1-10153\" data-srcset=\"https:\/\/www.fatra.cz\/wp-content\/uploads\/2015\/11\/fatra-terrasol-skl\u00e1d\u00e1n\u00ed-dla\u017edic.jpg 800w, https:\/\/www.fatra.cz\/wp-content\/uploads\/2015\/11\/fatra-terrasol-skl\u00e1d\u00e1n\u00ed-dla\u017edic-300x225.jpg 300w, https:\/\/www.fatra.cz\/wp-content\/uploads\/2015\/11\/fatra-terrasol-skl\u00e1d\u00e1n\u00ed-dla\u017edic-768x576.jpg 768w, https:\/\/www.fatra.cz\/wp-content\/uploads\/2015\/11\/fatra-terrasol-skl\u00e1d\u00e1n\u00ed-dla\u017edic-733x550.jpg 733w\" data-sizes=\"(max-width: 800px) 100vw, 800px\" src=\"data:image\/svg+xml;base64,PHN2ZyB3aWR0aD0iMSIgaGVpZ2h0PSIxIiB4bWxucz0iaHR0cDovL3d3dy53My5vcmcvMjAwMC9zdmciPjwvc3ZnPg==\" style=\"--smush-placeholder-width: 800px; --smush-placeholder-aspect-ratio: 800\/600;\" \/><\/a>\n\t\t\t<\/div>\n\t\t\t\t<figcaption class='wp-caption-text gallery-caption' id='gallery-1-10153'>\n\t\t\t\tTERRASOL tiles\n\t\t\t\t<\/figcaption><\/figure><figure class='gallery-item'>\n\t\t\t<div class='gallery-icon landscape'>\n\t\t\t\t<a href='https:\/\/www.fatra.cz\/en\/fatra-vstrikovani-prepravky-2\/'><img decoding=\"async\" width=\"800\" height=\"600\" data-src=\"https:\/\/www.fatra.cz\/wp-content\/uploads\/2015\/11\/fatra-vst\u0159ikov\u00e1n\u00ed-p\u0159epravky.jpg\" class=\"attachment-large size-large lazyload\" alt=\"Kunststoff-Transportboxen\" aria-describedby=\"gallery-1-10177\" data-srcset=\"https:\/\/www.fatra.cz\/wp-content\/uploads\/2015\/11\/fatra-vst\u0159ikov\u00e1n\u00ed-p\u0159epravky.jpg 800w, https:\/\/www.fatra.cz\/wp-content\/uploads\/2015\/11\/fatra-vst\u0159ikov\u00e1n\u00ed-p\u0159epravky-300x225.jpg 300w, https:\/\/www.fatra.cz\/wp-content\/uploads\/2015\/11\/fatra-vst\u0159ikov\u00e1n\u00ed-p\u0159epravky-768x576.jpg 768w, https:\/\/www.fatra.cz\/wp-content\/uploads\/2015\/11\/fatra-vst\u0159ikov\u00e1n\u00ed-p\u0159epravky-733x550.jpg 733w\" data-sizes=\"(max-width: 800px) 100vw, 800px\" src=\"data:image\/svg+xml;base64,PHN2ZyB3aWR0aD0iMSIgaGVpZ2h0PSIxIiB4bWxucz0iaHR0cDovL3d3dy53My5vcmcvMjAwMC9zdmciPjwvc3ZnPg==\" style=\"--smush-placeholder-width: 800px; --smush-placeholder-aspect-ratio: 800\/600;\" \/><\/a>\n\t\t\t<\/div>\n\t\t\t\t<figcaption class='wp-caption-text gallery-caption' id='gallery-1-10177'>\n\t\t\t\tInjection moulded plastic crates\n\t\t\t\t<\/figcaption><\/figure><figure class='gallery-item'>\n\t\t\t<div class='gallery-icon landscape'>\n\t\t\t\t<a href='https:\/\/www.fatra.cz\/en\/protective-plastic-plugs-2\/'><img decoding=\"async\" width=\"800\" height=\"600\" data-src=\"https:\/\/www.fatra.cz\/wp-content\/uploads\/2015\/11\/Protective-plastic-plugs.jpg\" class=\"attachment-large size-large lazyload\" alt=\"\" aria-describedby=\"gallery-1-881\" data-srcset=\"https:\/\/www.fatra.cz\/wp-content\/uploads\/2015\/11\/Protective-plastic-plugs.jpg 800w, https:\/\/www.fatra.cz\/wp-content\/uploads\/2015\/11\/Protective-plastic-plugs-300x225.jpg 300w, https:\/\/www.fatra.cz\/wp-content\/uploads\/2015\/11\/Protective-plastic-plugs-768x576.jpg 768w, https:\/\/www.fatra.cz\/wp-content\/uploads\/2015\/11\/Protective-plastic-plugs-733x550.jpg 733w\" data-sizes=\"(max-width: 800px) 100vw, 800px\" src=\"data:image\/svg+xml;base64,PHN2ZyB3aWR0aD0iMSIgaGVpZ2h0PSIxIiB4bWxucz0iaHR0cDovL3d3dy53My5vcmcvMjAwMC9zdmciPjwvc3ZnPg==\" style=\"--smush-placeholder-width: 800px; --smush-placeholder-aspect-ratio: 800\/600;\" \/><\/a>\n\t\t\t<\/div>\n\t\t\t\t<figcaption class='wp-caption-text gallery-caption' id='gallery-1-881'>\n\t\t\t\tProtective plastic plugs\n\t\t\t\t<\/figcaption><\/figure>\n\t\t<\/div>\n\n\n\n<hr class=\"wp-block-cgb-block-ftr-product-section-line ftr-product-block-separator\"\/>\n\n\n\n<h4 class=\"wp-block-cgb-block-ftr-product-heading product-block-title\">CONTACT<\/h4>\n\n\n\n<div class=\"wp-block-columns is-layout-flex wp-container-core-columns-is-layout-9d6595d7 wp-block-columns-is-layout-flex\">\n<div class=\"wp-block-column is-layout-flow wp-block-column-is-layout-flow\">\n<p>If you are interested in the product<br \/>mentioned, you may contact directly<br \/>the sales department of Fatra:<\/p>\n<\/div>\n\n\n\n<div class=\"wp-block-column is-layout-flow wp-block-column-is-layout-flow\">\n<p><strong>Zuzana Gabrielov\u00e1<br \/><\/strong>Tel.: +420&nbsp;724&nbsp;746<br \/>E-mail: <a href=\"zuzana.gabrielova@fatra.cz\">zuzana.gabrielova@fatra.cz<\/a><\/p>\n<\/div>\n<\/div>\n\n\n\n<hr class=\"wp-block-cgb-block-ftr-product-section-line ftr-product-block-separator\"\/>\n\n\n\n<p><\/p>\n","protected":false},"excerpt":{"rendered":"<p>Products such as these are developed according to customer&#8217;s&nbsp;requirements manufactured by injection moulding technology for plastics. We can carry out injection moulding on an injection mould supplied to us, or our team is able to preparate an injection mould according to technical documentation. Our assortment of injection-moulded products includes boxes, lids, tiles, protective plastic caps and plastic containers.<\/p>\n","protected":false},"featured_media":22034,"parent":0,"menu_order":10,"template":"","product_color":[],"product_use":[136,135,235,383],"class_list":["post-12493","product","type-product","status-publish","has-post-thumbnail","hentry","product_use-consumer-industry","product_use-food-industry","product_use-household-en","product_use-packaging-en"],"_links":{"self":[{"href":"https:\/\/www.fatra.cz\/en\/wp-json\/wp\/v2\/product\/12493","targetHints":{"allow":["GET"]}}],"collection":[{"href":"https:\/\/www.fatra.cz\/en\/wp-json\/wp\/v2\/product"}],"about":[{"href":"https:\/\/www.fatra.cz\/en\/wp-json\/wp\/v2\/types\/product"}],"version-history":[{"count":0,"href":"https:\/\/www.fatra.cz\/en\/wp-json\/wp\/v2\/product\/12493\/revisions"}],"wp:featuredmedia":[{"embeddable":true,"href":"https:\/\/www.fatra.cz\/en\/wp-json\/wp\/v2\/media\/22034"}],"wp:attachment":[{"href":"https:\/\/www.fatra.cz\/en\/wp-json\/wp\/v2\/media?parent=12493"}],"wp:term":[{"taxonomy":"product_color","embeddable":true,"href":"https:\/\/www.fatra.cz\/en\/wp-json\/wp\/v2\/product_color?post=12493"},{"taxonomy":"product_use","embeddable":true,"href":"https:\/\/www.fatra.cz\/en\/wp-json\/wp\/v2\/product_use?post=12493"}],"curies":[{"name":"wp","href":"https:\/\/api.w.org\/{rel}","templated":true}]}}